{"id":209,"date":"2024-06-24T07:47:16","date_gmt":"2024-06-24T07:47:16","guid":{"rendered":"https:\/\/www.ramsayfoundation.ch\/?page_id=209"},"modified":"2025-11-25T17:49:47","modified_gmt":"2025-11-25T17:49:47","slug":"sekem","status":"publish","type":"page","link":"https:\/\/www.ramsayfoundation.ch\/?page_id=209","title":{"rendered":"Laufende Projekte"},"content":{"rendered":"\n<p><\/p>\n\n\n\n<p class=\"has-text-color has-link-color wp-elements-19f921cb7f8867be16c11941972499b3\" style=\"color:#318700;font-size:clamp(14px, 0.875rem + ((1vw - 3.2px) * 0.442), 19px);\"><strong>Die Stiftung hat diverse Schwerpunkte definiert. Zu diesen Geh\u00f6ren:<\/strong><\/p>\n\n\n\n<h2 class=\"wp-block-heading has-medium-font-size\"><strong>-Museum<\/strong>sp\u00e4dagogik<\/h2>\n\n\n\n<p>U.a. wurden Spenden zugesprochen f\u00fcr: Das Paul Klee Zentrum BE, Das Antikenmuseum und Ludwig Sammlung BS, Das Naturhistorische Museum BS, <br>Il Museo in Erba Ti, Wertschriftenmuseum &#8211; Swiss Money Week for school classes ZH<\/p>\n\n\n\n<h2 class=\"wp-block-heading has-medium-font-size\"><strong>&#8211;<\/strong>\u00d6kologieprojekte<\/h2>\n\n\n\n<p>U.a. wurden Spenden zugesprochen f\u00fcr: Weltacker BS, BE, SO, BL, Acker Schweiz ZH, Zauberwald Ernen VS<\/p>\n\n\n\n<h2 class=\"wp-block-heading has-medium-font-size\">-Tanzprojekte<\/h2>\n\n\n\n<p><\/p>\n\n\n\n<p class=\"has-small-font-size\">U.a. wurden Spenden zugesprochen f\u00fcr: Swiss Offspring Ballet ZH, BS, Eurythmeum Baselland<\/p>\n\n\n\n<p><\/p>\n\n\n\n<h2 class=\"wp-block-heading has-medium-font-size\"><strong>&#8211;<\/strong>Ausbildung, Fortbildung<\/h2>\n\n\n\n<p class=\"has-small-font-size\">U.a. wurden Spenden zugesprochen f\u00fcr: Sekem Egypt, Fondation lausannoise, Verein Sidra, Naturwissenschaftliche Sektion Goetheanum So<\/p>\n\n\n\n<h2 class=\"wp-block-heading has-medium-font-size\"><\/h2>\n\n\n\n<h2 class=\"wp-block-heading has-medium-font-size\">-Diverse Kleinprojekte f\u00fcr B\u00fchnenauff\u00fchrungen, Musikensembles, Bildungsreisen und Schulveranstaltungen sowie Unterst\u00fctzungen f\u00fcr Privatschulen in der Schweiz<\/h2>\n\n\n\n<p><\/p>\n\n\n\n<p><\/p>\n\n\n\n<p><\/p>\n\n\n\n<h2 class=\"wp-block-heading has-text-color has-link-color wp-elements-a1d879b8a7501f86ecce06c46379ceed\" style=\"color:#ff0000\">Ziele des SEKEM-Fonds<\/h2>\n\n\n\n<p>Der SEKEM-Fonds verfolgt seine Ziele im Rahmen der Satzung der Ramsay-Foundation.<\/p>\n\n\n\n<p>Er unterst\u00fctzt Aktivit\u00e4ten bei SEKEM in \u00c4gypten, welche auf die Verbesserung der Lebenssituation von Kindern, Jugendlichen und jungen Erwachsenen abzielen. Dies betrifft vor allem folgende Institutionen von SEKEM:&nbsp;<strong>die Kinderg\u00e4rten, die Primar- und die Sekundarschule, das Berufsbildungszentrum und die Heliopolis-Universit\u00e4t<\/strong>.&nbsp;<\/p>\n\n\n\n<h3 class=\"wp-block-heading\">Was ist das Projekt SEKEM in \u00c4gypten?<\/h3>\n\n\n\n<p>SEKEM in \u00c4gypten ist eines der weltweit gr\u00f6ssten Entwicklungsprojekte. 1977 wurde es unweit von Kairo auf einem St\u00fcck W\u00fcste gegr\u00fcndet. Die Vision des \u00e4gyptischen Pharmakologen Ibrahim Abouleish beinhaltet die Errichtung eines Modells, in dem s\u00e4mtliche Aspekte des Lebens Bestandteil der Entwicklung sind:&nbsp;<strong>die landwirtschaftliche Arbeit, die \u00f6konomische Praxis, die Unterrichts- und Bildungst\u00e4tigkeiten, das soziale Engagement und die kulturellen Bet\u00e4tigungen<\/strong>.<\/p>\n\n\n\n<p>In \u00fcber drei Jahrzehnten unerm\u00fcdlichen Pioniergeists sowie intensiver Vernetzung und Kooperation ist SEKEM zu einem f\u00fchrenden Vertreter f\u00fcr nachhaltige Entwicklung geworden. Seit der Revolution in \u00c4gypten 2011 erh\u00e4lt SEKEM wachsende Bedeutung f\u00fcr die Neugestaltung \u00c4gyptens.<\/p>\n\n\n\n<h3 class=\"wp-block-heading\">Berufsbildungszentrum und Schreinerausbildung<\/h3>\n\n\n\n<p>Eine der wichtigen Institutionen der Stiftung SEKEM ist das Berufsbildungszentrum in Bilbeis. Dort sind verschiedene Werkst\u00e4tten angesiedelt, die auch f\u00fcr den Markt und das weitl\u00e4ufige SEKEM-Netzwerk produzieren, darunter eine Schreinerei mit Lehrlingsausbildung.<\/p>\n\n\n\n<p>Die Schreinerausbildung bei SEKEM folgt dem dualen System, wie es in der Schweiz und in Deutschland \u00fcblich ist. Die Lehrlinge erhalten einerseits eine umfassende praktische Ausbildung, andererseits besuchen sie w\u00f6chentlich w\u00e4hrend mehrerer Stunden eine Berufsschule, wo sie auch die theoretischen Grundlagen zu ihrem Beruf erhalten<\/p>\n\n\n\n<p><\/p>\n\n\n\n<div style=\"height:9px\" aria-hidden=\"true\" class=\"wp-block-spacer\"><\/div>\n\n\n\n<h3 class=\"wp-block-heading\"><strong>Spenden<\/strong><\/h3>\n\n\n\n<p>Spenden an den SEKEM-Fonds sind jederzeit willkommen. Ab CHF 200.- erhalten Sie eine Verdankung, mit der Sie den Betrag, gem\u00e4ss den Bestimmungen Ihres Wohnkantons, steuerlich absetzen k\u00f6nnen.<\/p>\n\n\n\n<p>Konto: <strong>The Ramsay Foundation, UBS Basel<\/strong><br>IBAN: <strong>CH55 0023 3233 7238 4201 B<\/strong><br>BIC: <strong> UBSWCHZH80A<\/strong><\/p>\n\n\n\n<p>Spenden auf dieses Konto gehen an den SEKEM-Fonds. Eine spezielle Zweckangabe ist m\u00f6glich, aber nicht erforderlich.<\/p>\n\n\n\n<div style=\"height:100px\" aria-hidden=\"true\" class=\"wp-block-spacer\"><\/div>\n\n\n\n<p><\/p>\n","protected":false},"excerpt":{"rendered":"<p>Die Stiftung hat diverse Schwerpunkte definiert. Zu diesen Geh\u00f6ren: -Museumsp\u00e4dagogik U.a. wurden Spenden zugesprochen f\u00fcr: Das Paul Klee Zentrum BE, Das Antikenmuseum und Ludwig Sammlung BS, Das Naturhistorische Museum BS, Il Museo in Erba Ti, Wertschriftenmuseum &#8211; Swiss Money Week for school classes ZH &#8211;\u00d6kologieprojekte U.a. wurden Spenden zugesprochen f\u00fcr: Weltacker BS, BE, SO, BL, &hellip; <\/p>\n<p class=\"link-more\"><a href=\"https:\/\/www.ramsayfoundation.ch\/?page_id=209\" class=\"more-link\">Read more<span class=\"screen-reader-text\"> &#8220;Laufende Projekte&#8221;<\/span><\/a><\/p>\n","protected":false},"author":1,"featured_media":392,"parent":0,"menu_order":0,"comment_status":"closed","ping_status":"closed","template":"","meta":{"inspiro_hide_title":false,"footnotes":""},"class_list":["post-209","page","type-page","status-publish","has-post-thumbnail","hentry"],"featured_media_urls":{"thumbnail":["https:\/\/www.ramsayfoundation.ch\/wp-content\/uploads\/2024\/08\/sekemkreis-150x150.jpg",150,150,true],"medium":["https:\/\/www.ramsayfoundation.ch\/wp-content\/uploads\/2024\/08\/sekemkreis-300x127.jpg",300,127,true],"medium_large":["https:\/\/www.ramsayfoundation.ch\/wp-content\/uploads\/2024\/08\/sekemkreis.jpg",768,325,false],"large":["https:\/\/www.ramsayfoundation.ch\/wp-content\/uploads\/2024\/08\/sekemkreis-1024x433.jpg",950,402,true],"1536x1536":["https:\/\/www.ramsayfoundation.ch\/wp-content\/uploads\/2024\/08\/sekemkreis.jpg",1200,508,false],"2048x2048":["https:\/\/www.ramsayfoundation.ch\/wp-content\/uploads\/2024\/08\/sekemkreis.jpg",1200,508,false],"inspiro-featured-image":["https:\/\/www.ramsayfoundation.ch\/wp-content\/uploads\/2024\/08\/sekemkreis.jpg",1200,508,false],"inspiro-loop":["https:\/\/www.ramsayfoundation.ch\/wp-content\/uploads\/2024\/08\/sekemkreis-950x320.jpg",950,320,true],"inspiro-loop@2x":["https:\/\/www.ramsayfoundation.ch\/wp-content\/uploads\/2024\/08\/sekemkreis.jpg",1200,508,false],"portfolio_item-thumbnail":["https:\/\/www.ramsayfoundation.ch\/wp-content\/uploads\/2024\/08\/sekemkreis-600x400.jpg",600,400,true],"portfolio_item-thumbnail@2x":["https:\/\/www.ramsayfoundation.ch\/wp-content\/uploads\/2024\/08\/sekemkreis.jpg",1200,508,false],"portfolio_item-masonry":["https:\/\/www.ramsayfoundation.ch\/wp-content\/uploads\/2024\/08\/sekemkreis-600x254.jpg",600,254,true],"portfolio_item-masonry@2x":["https:\/\/www.ramsayfoundation.ch\/wp-content\/uploads\/2024\/08\/sekemkreis.jpg",1200,508,false],"portfolio_item-thumbnail_cinema":["https:\/\/www.ramsayfoundation.ch\/wp-content\/uploads\/2024\/08\/sekemkreis-800x335.jpg",800,335,true],"portfolio_item-thumbnail_portrait":["https:\/\/www.ramsayfoundation.ch\/wp-content\/uploads\/2024\/08\/sekemkreis-600x508.jpg",600,508,true],"portfolio_item-thumbnail_portrait@2x":["https:\/\/www.ramsayfoundation.ch\/wp-content\/uploads\/2024\/08\/sekemkreis.jpg",1200,508,false],"portfolio_item-thumbnail_square":["https:\/\/www.ramsayfoundation.ch\/wp-content\/uploads\/2024\/08\/sekemkreis-800x508.jpg",800,508,true]},"_links":{"self":[{"href":"https:\/\/www.ramsayfoundation.ch\/index.php?rest_route=\/wp\/v2\/pages\/209","targetHints":{"allow":["GET"]}}],"collection":[{"href":"https:\/\/www.ramsayfoundation.ch\/index.php?rest_route=\/wp\/v2\/pages"}],"about":[{"href":"https:\/\/www.ramsayfoundation.ch\/index.php?rest_route=\/wp\/v2\/types\/page"}],"author":[{"embeddable":true,"href":"https:\/\/www.ramsayfoundation.ch\/index.php?rest_route=\/wp\/v2\/users\/1"}],"replies":[{"embeddable":true,"href":"https:\/\/www.ramsayfoundation.ch\/index.php?rest_route=%2Fwp%2Fv2%2Fcomments&post=209"}],"version-history":[{"count":51,"href":"https:\/\/www.ramsayfoundation.ch\/index.php?rest_route=\/wp\/v2\/pages\/209\/revisions"}],"predecessor-version":[{"id":517,"href":"https:\/\/www.ramsayfoundation.ch\/index.php?rest_route=\/wp\/v2\/pages\/209\/revisions\/517"}],"wp:featuredmedia":[{"embeddable":true,"href":"https:\/\/www.ramsayfoundation.ch\/index.php?rest_route=\/wp\/v2\/media\/392"}],"wp:attachment":[{"href":"https:\/\/www.ramsayfoundation.ch\/index.php?rest_route=%2Fwp%2Fv2%2Fmedia&parent=209"}],"curies":[{"name":"wp","href":"https:\/\/api.w.org\/{rel}","templated":true}]}}