{"id":227,"date":"2024-06-24T20:10:12","date_gmt":"2024-06-24T20:10:12","guid":{"rendered":"https:\/\/www.ramsayfoundation.ch\/?page_id=227"},"modified":"2026-04-22T12:50:51","modified_gmt":"2026-04-22T12:50:51","slug":"deutsch","status":"publish","type":"page","link":"https:\/\/www.ramsayfoundation.ch\/?page_id=227","title":{"rendered":"Deutsch"},"content":{"rendered":"\n<p><\/p>\n\n\n\n<div class=\"wp-block-group has-global-padding is-layout-constrained wp-block-group-is-layout-constrained\">\n<div style=\"height:57px\" aria-hidden=\"true\" class=\"wp-block-spacer\"><\/div>\n\n\n\n<h1 class=\"wp-block-heading has-text-align-center\">News<\/h1>\n\n\n\n<pre class=\"wp-block-preformatted\">Wir sind dar\u00fcber sehr erfreut, dass unsere Partnerorganisation SEKEM in \u00c4gypten den <strong>Gulbenkian Preis for Humanity, <\/strong>zusammen mit zwei anderen Organisationen aus Indien und den USA, gewonnen hat. SEKEM und die \u00e4gyptische biodynamische Vereinigung wurden f\u00fcr ihre f\u00fchrende Rolle bei der Implementierung von nachhaltigen und regenerativen Methoden im Landbau in \u00c4gypten gew\u00fcrdigt. Mehrere tausend B\u00e4uerinnen und Bauer haben durch diesen Einsatz profitiert und sehr grosse Fl\u00e4chen von ertragsreichem Ackerland in \u00c4gypten werden dadurch gewonnen und erhalten.   <br><br>Der Preis wurde von der ehemaligen Bundeskanzlerin Angela Merkel in Lissabon \u00fcberreicht.<br><br><br><br><strong>Aus dem Jahr 2024 - <\/strong><br><br>Die Stiftung setzte den Schwerpunkt Museumsausstellungen und Museumsp\u00e4dagogik fort. Zudem wurden mehrere Projekte im Bereich \u00f6kologischer Landbau, Gartenbau und Waldpflege mit Kindern unterst\u00fctzt. Zirkusprojekte, junge Ballet-Talente in der Schweiz, naturwissenschaftliche Fortbildung f\u00fcr Studierende sowie Bildung f\u00fcr Schulklassen \u00fcber Finanzen, Budgetierung und Jugendschulden bildeten weitere Schwerpunkte f\u00fcr Vergabungen. Rudolf Steiner P\u00e4dagogik in der Schweiz ist ein weiteres Ziel f\u00fcr Vergabungen.<\/pre>\n\n\n\n<div style=\"height:57px\" aria-hidden=\"true\" class=\"wp-block-spacer\"><\/div>\n\n\n\n<p><\/p>\n<\/div>\n\n\n\n<div class=\"wp-block-group alignfull pattern_multiple_covers has-background has-global-padding is-layout-constrained wp-block-group-is-layout-constrained\" id=\"services\" style=\"background-color:#f8f8f8\">\n<div style=\"height:84px\" aria-hidden=\"true\" class=\"wp-block-spacer\"><\/div>\n\n\n\n<p><\/p>\n\n\n\n<h2 class=\"wp-block-heading alignwide has-text-align-left\"><strong><strong>Zusammenarbeit mit SEKEM in \u00c4gypten<\/strong><\/strong><\/h2>\n\n\n\n<p><\/p>\n\n\n\n<div class=\"wp-block-media-text alignfull has-media-on-the-right is-stacked-on-mobile\" style=\"grid-template-columns:auto 36%\"><div class=\"wp-block-media-text__content\">\n<p><\/p>\n\n\n\n<p>Die Stiftung Ramsay Foundation arbeitet mit der erfolgreichen Organisation SEKEM in \u00c4gypten zusammen. Die Stiftung koordiniert Fundraising-T\u00e4tigkeiten f\u00fcr SEKEM. SEKEM in \u00c4gypten ist eine Nonprofit-NGO, die sich einer nachhaltigen Entwicklung auf verschiedensten Gebieten verpflichtet. Lebensmittel, Textilien, K\u00f6rperpflege aber auch soziale Formen in Wirtschaft und Wohnen und \u00f6kologischer Umgang mit Naturressorcen sind T\u00e4tigkeitsberreiche von SEKEM.&nbsp;<a href=\"https:\/\/www.ramsayfoundation.ch\/deutsch\/sekem.php\">&gt; SEKEM<\/a><\/p>\n\n\n\n<p>Die Stiftung finanzierte die Einrichtung einer Schreinerei in Sekem, in der Lernende in \u00c4gypten M\u00f6bel und Gebrauchsgegenst\u00e4nde herstellen und vertreiben k\u00f6nnen. Diese Ausbildungsst\u00e4tte er\u00f6ffnet M\u00f6glichkeiten f\u00fcr junge Menschen ausserhalb der Grossst\u00e4dte einen Beruf zu erlernen und diesen auszu\u00fcben.&nbsp;<\/p>\n\n\n\n<p>Basel, Juli 2025<\/p>\n\n\n\n<p>Der Stiftungsrat<\/p>\n<\/div><figure class=\"wp-block-media-text__media\"><img fetchpriority=\"high\" decoding=\"async\" width=\"640\" height=\"1024\" src=\"https:\/\/www.ramsayfoundation.ch\/wp-content\/uploads\/2024\/06\/Gemstones9-640x1024.jpg\" alt=\"\" class=\"wp-image-162 size-full\" srcset=\"https:\/\/www.ramsayfoundation.ch\/wp-content\/uploads\/2024\/06\/Gemstones9-640x1024.jpg 640w, https:\/\/www.ramsayfoundation.ch\/wp-content\/uploads\/2024\/06\/Gemstones9-188x300.jpg 188w, https:\/\/www.ramsayfoundation.ch\/wp-content\/uploads\/2024\/06\/Gemstones9-2000x3198.jpg 2000w, https:\/\/www.ramsayfoundation.ch\/wp-content\/uploads\/2024\/06\/Gemstones9-scaled.jpg 1601w\" sizes=\"(max-width: 640px) 100vw, 640px\" \/><\/figure><\/div>\n\n\n\n<div style=\"height:103px\" aria-hidden=\"true\" class=\"wp-block-spacer\"><\/div>\n<\/div>\n\n\n\n<div class=\"wp-block-group alignfull has-background has-global-padding is-layout-constrained wp-block-group-is-layout-constrained\" style=\"background-color:#f8f8f8\">\n<div class=\"wp-block-group has-global-padding is-layout-constrained wp-block-group-is-layout-constrained\" style=\"padding-top:var(--wp--preset--spacing--small);padding-bottom:var(--wp--preset--spacing--small)\">\n<div style=\"height:30px\" aria-hidden=\"true\" class=\"wp-block-spacer\"><\/div>\n\n\n\n<div class=\"wp-block-columns are-vertically-aligned-center is-layout-flex wp-container-core-columns-is-layout-c375d253 wp-block-columns-is-layout-flex\">\n<div class=\"wp-block-column is-vertically-aligned-center is-layout-flow wp-block-column-is-layout-flow\">\n<figure class=\"wp-block-image size-large\"><img decoding=\"async\" width=\"683\" height=\"1024\" src=\"https:\/\/www.ramsayfoundation.ch\/wp-content\/uploads\/2024\/06\/C2-edited-683x1024.jpg\" alt=\"\" class=\"wp-image-94\" srcset=\"https:\/\/www.ramsayfoundation.ch\/wp-content\/uploads\/2024\/06\/C2-edited-683x1024.jpg 683w, https:\/\/www.ramsayfoundation.ch\/wp-content\/uploads\/2024\/06\/C2-edited-200x300.jpg 200w, https:\/\/www.ramsayfoundation.ch\/wp-content\/uploads\/2024\/06\/C2-edited-768x1152.jpg 768w, https:\/\/www.ramsayfoundation.ch\/wp-content\/uploads\/2024\/06\/C2-edited-1024x1536.jpg 1024w, https:\/\/www.ramsayfoundation.ch\/wp-content\/uploads\/2024\/06\/C2-edited-600x900.jpg 600w, https:\/\/www.ramsayfoundation.ch\/wp-content\/uploads\/2024\/06\/C2-edited-1200x1800.jpg 1200w, https:\/\/www.ramsayfoundation.ch\/wp-content\/uploads\/2024\/06\/C2-edited.jpg 1365w\" sizes=\"(max-width: 683px) 100vw, 683px\" \/><\/figure>\n<\/div>\n\n\n\n<div class=\"wp-block-column is-vertically-aligned-center is-layout-flow wp-block-column-is-layout-flow\">\n<h2 class=\"wp-block-heading has-medium-font-size\" style=\"text-transform:uppercase\">Wir f\u00f6rdern:<\/h2>\n\n\n\n<h1 class=\"wp-block-heading\">Bildung, Erziehung und Kultur<\/h1>\n\n\n\n<p><strong><strong>Im Bereich Bildung und Erziehung konzentriert sich die Ramsay Foundation auf Bereiche, die m\u00f6glichst nahe am Kind oder Jugendlichen sind. Sie unterst\u00fctzt beispielsweise:<\/strong><\/strong><\/p>\n\n\n\n<ul class=\"wp-block-list\">\n<li>Museumsp\u00e4dagogik<\/li>\n\n\n\n<li>Umwelt- und Naturprojekte<\/li>\n\n\n\n<li>Musik, bildende Kunst und Tanz<\/li>\n\n\n\n<li>Auff\u00fchrungen f\u00fcr oder mit Kindern und Jugendlichen<\/li>\n\n\n\n<li>Lese- und Buchprojekte<\/li>\n<\/ul>\n\n\n\n<h1 class=\"wp-block-heading\"><\/h1>\n\n\n\n<p><strong>Einzelstipendien, Ausbildungsbeihilfen sowie Beitr\u00e4ge f\u00fcr Infrastruktur, Film- und Digitalprojekte geh\u00f6ren nicht zu den F\u00f6rderungskriterien der Stifung.<\/strong><\/p>\n\n\n\n<div class=\"wp-block-buttons is-layout-flex wp-block-buttons-is-layout-flex\"><\/div>\n<\/div>\n<\/div>\n\n\n\n<div style=\"height:30px\" aria-hidden=\"true\" class=\"wp-block-spacer\"><\/div>\n<\/div>\n<\/div>\n\n\n\n<div class=\"wp-block-group alignfull has-background has-global-padding is-layout-constrained wp-block-group-is-layout-constrained\" style=\"background-color:#f8f8f8\">\n<div class=\"wp-block-group has-global-padding is-layout-constrained wp-block-group-is-layout-constrained\" style=\"padding-top:var(--wp--preset--spacing--small);padding-bottom:var(--wp--preset--spacing--small)\">\n<div style=\"height:30px\" aria-hidden=\"true\" class=\"wp-block-spacer\"><\/div>\n\n\n\n<div class=\"wp-block-columns are-vertically-aligned-center is-layout-flex wp-container-core-columns-is-layout-c375d253 wp-block-columns-is-layout-flex\">\n<div class=\"wp-block-column is-vertically-aligned-center is-layout-flow wp-block-column-is-layout-flow\">\n<figure class=\"wp-block-image size-full\"><img decoding=\"async\" width=\"510\" height=\"406\" src=\"https:\/\/www.ramsayfoundation.ch\/wp-content\/uploads\/2024\/06\/Schermafbeelding-2024-06-13-om-10.31.50.png\" alt=\"\" class=\"wp-image-51\" srcset=\"https:\/\/www.ramsayfoundation.ch\/wp-content\/uploads\/2024\/06\/Schermafbeelding-2024-06-13-om-10.31.50.png 510w, https:\/\/www.ramsayfoundation.ch\/wp-content\/uploads\/2024\/06\/Schermafbeelding-2024-06-13-om-10.31.50-300x239.png 300w\" sizes=\"(max-width: 510px) 100vw, 510px\" \/><\/figure>\n<\/div>\n\n\n\n<div class=\"wp-block-column is-vertically-aligned-center is-layout-flow wp-block-column-is-layout-flow\">\n<h1 class=\"wp-block-heading\">Die Stifterin Freda Ramsay<\/h1>\n\n\n\n<p>Die Stifterin Freda Ramsay wurde 1910 in Liverpool GB geboren. Sie studierte Kunst, P\u00e4dagogik, Geschichte und Sprachen. Als Lehrerin verbrachte sie viele Jahre in Afrika und Jamaica. Ihren Mann Major William Ramsay lernte sie in \u00c4gypten kennen. Das Paar lebte in Detroit, Indien und Grossbritannien. Freda Ramsay engagierte sich stets in wohlt\u00e4tiger Weise und wollte noch zu Lebzeiten ihr Verm\u00f6gen mit der Zweckbestimmung Erziehung und Kultur der Nachwelt vermachen. Sie verstarb 2002 in England.<\/p>\n\n\n\n<div class=\"wp-block-buttons is-layout-flex wp-block-buttons-is-layout-flex\"><\/div>\n<\/div>\n<\/div>\n\n\n\n<div style=\"height:30px\" aria-hidden=\"true\" class=\"wp-block-spacer\"><\/div>\n<\/div>\n<\/div>\n\n\n\n<div id=\"news\" class=\"wp-block-group has-global-padding is-layout-constrained wp-block-group-is-layout-constrained\">\n<div style=\"height:108px\" aria-hidden=\"true\" class=\"wp-block-spacer\"><\/div>\n\n\n\n<p><\/p>\n<\/div>\n","protected":false},"excerpt":{"rendered":"<p>News Wir sind dar\u00fcber sehr erfreut, dass unsere Partnerorganisation SEKEM in \u00c4gypten den Gulbenkian Preis for Humanity, zusammen mit zwei anderen Organisationen aus Indien und den USA, gewonnen hat. SEKEM und die \u00e4gyptische biodynamische Vereinigung wurden f\u00fcr ihre f\u00fchrende Rolle bei der Implementierung von nachhaltigen und regenerativen Methoden im Landbau in \u00c4gypten gew\u00fcrdigt. Mehrere tausend &hellip; <\/p>\n<p class=\"link-more\"><a href=\"https:\/\/www.ramsayfoundation.ch\/?page_id=227\" class=\"more-link\">Read more<span class=\"screen-reader-text\"> &#8220;Deutsch&#8221;<\/span><\/a><\/p>\n","protected":false},"author":1,"featured_media":0,"parent":0,"menu_order":0,"comment_status":"closed","ping_status":"closed","template":"elementor_theme","meta":{"inspiro_hide_title":false,"footnotes":""},"class_list":["post-227","page","type-page","status-publish","hentry"],"featured_media_urls":[],"_links":{"self":[{"href":"https:\/\/www.ramsayfoundation.ch\/index.php?rest_route=\/wp\/v2\/pages\/227","targetHints":{"allow":["GET"]}}],"collection":[{"href":"https:\/\/www.ramsayfoundation.ch\/index.php?rest_route=\/wp\/v2\/pages"}],"about":[{"href":"https:\/\/www.ramsayfoundation.ch\/index.php?rest_route=\/wp\/v2\/types\/page"}],"author":[{"embeddable":true,"href":"https:\/\/www.ramsayfoundation.ch\/index.php?rest_route=\/wp\/v2\/users\/1"}],"replies":[{"embeddable":true,"href":"https:\/\/www.ramsayfoundation.ch\/index.php?rest_route=%2Fwp%2Fv2%2Fcomments&post=227"}],"version-history":[{"count":12,"href":"https:\/\/www.ramsayfoundation.ch\/index.php?rest_route=\/wp\/v2\/pages\/227\/revisions"}],"predecessor-version":[{"id":462,"href":"https:\/\/www.ramsayfoundation.ch\/index.php?rest_route=\/wp\/v2\/pages\/227\/revisions\/462"}],"wp:attachment":[{"href":"https:\/\/www.ramsayfoundation.ch\/index.php?rest_route=%2Fwp%2Fv2%2Fmedia&parent=227"}],"curies":[{"name":"wp","href":"https:\/\/api.w.org\/{rel}","templated":true}]}}